{"id":13,"date":"2017-03-26T21:29:14","date_gmt":"2017-03-26T19:29:14","guid":{"rendered":"http:\/\/www.tbskurzetnik.pl\/?page_id=13"},"modified":"2024-04-16T10:13:03","modified_gmt":"2024-04-16T08:13:03","slug":"start","status":"publish","type":"page","link":"https:\/\/www.tbskurzetnik.pl\/","title":{"rendered":"Nasza oferta"},"content":{"rendered":"<div class=\"wp-block-image\">\n<figure class=\"aligncenter\"><img loading=\"lazy\" decoding=\"async\" width=\"1024\" height=\"576\" src=\"https:\/\/www.tbskurzetnik.pl\/wp-content\/uploads\/2020\/09\/DJI_0013-1-1024x576.jpg\" alt=\"\" class=\"wp-image-1012\" srcset=\"https:\/\/www.tbskurzetnik.pl\/wp-content\/uploads\/2020\/09\/DJI_0013-1-1024x576.jpg 1024w, https:\/\/www.tbskurzetnik.pl\/wp-content\/uploads\/2020\/09\/DJI_0013-1-300x169.jpg 300w, https:\/\/www.tbskurzetnik.pl\/wp-content\/uploads\/2020\/09\/DJI_0013-1-768x432.jpg 768w, https:\/\/www.tbskurzetnik.pl\/wp-content\/uploads\/2020\/09\/DJI_0013-1-330x186.jpg 330w, https:\/\/www.tbskurzetnik.pl\/wp-content\/uploads\/2020\/09\/DJI_0013-1-690x388.jpg 690w, https:\/\/www.tbskurzetnik.pl\/wp-content\/uploads\/2020\/09\/DJI_0013-1-1050x591.jpg 1050w, https:\/\/www.tbskurzetnik.pl\/wp-content\/uploads\/2020\/09\/DJI_0013-1-1031x580.jpg 1031w\" sizes=\"(max-width: 1024px) 100vw, 1024px\" \/><\/figure><\/div>\n\n<p><img loading=\"lazy\" decoding=\"async\" class=\"wp-image-94 alignleft\" src=\"http:\/\/www.tbskurzetnik.pl\/wp-content\/uploads\/2017\/03\/Osiedle-D\u0119bno-300x212.jpg\" alt=\"\" width=\"301\" height=\"213\" srcset=\"https:\/\/www.tbskurzetnik.pl\/wp-content\/uploads\/2017\/03\/Osiedle-D\u0119bno-300x212.jpg 300w, https:\/\/www.tbskurzetnik.pl\/wp-content\/uploads\/2017\/03\/Osiedle-D\u0119bno-768x542.jpg 768w, https:\/\/www.tbskurzetnik.pl\/wp-content\/uploads\/2017\/03\/Osiedle-D\u0119bno-330x233.jpg 330w, https:\/\/www.tbskurzetnik.pl\/wp-content\/uploads\/2017\/03\/Osiedle-D\u0119bno-690x487.jpg 690w, https:\/\/www.tbskurzetnik.pl\/wp-content\/uploads\/2017\/03\/Osiedle-D\u0119bno.jpg 800w\" sizes=\"(max-width: 301px) 100vw, 301px\" \/><\/p>\n<p>TBS Sp. z o.o. w Kurz\u0119tniku zosta\u0142a powo\u0142ana w celu zaspokojenia potrzeb mieszkaniowych Gminy Kurz\u0119tnik. Jedynym w\u0142a\u015bcicielem Sp\u00f3\u0142ki jest Gmina Kurz\u0119tnik, kt\u00f3ra zapewnia bezpiecze\u0144stwo planowanej inwestycji.<\/p>\n<p>W ramach projektu inwestycyjnego pt. \u201eOsiedle D\u0119bno\u201d powstanie 5\u00a0 bli\u017aniaczych budynk\u00f3w wielorodzinnych ze 140 lokalami mieszkalnymi przeznaczonymi na wynajem. Inwestycja b\u0119dzie realizowana w latach 2017-2022 przy ul. Tadeusza Ko\u015bciuszki w Kurz\u0119tniku (lokalizacja inwestycji &#8211; patrz kontakt). W projekcie osiedla przewidziano 180 miejsc parkingowych naziemnych, miejsca do rekreacji dla dzieci m\u0142odszych i starszych w postaci plac\u00f3w zabaw, boisk, si\u0142owni zewn\u0119trznych. Ca\u0142y teren zostanie ogrodzony, o\u015bwietlony i wyposa\u017cony w chodniki, drogi wewn\u0119trzne oraz place manewrowe. W bezpo\u015brednim s\u0105siedztwie Osiedla funkcjonuje gminny kompleks \u017c\u0142obkowo-przedszkolny.<\/p>\n<p><strong>I Etap inwestycji<\/strong><\/p>\n<p><strong><a href=\"http:\/\/www.tbskurzetnik.pl\/wp-content\/uploads\/2019\/12\/1.jpg\"><img loading=\"lazy\" decoding=\"async\" class=\"alignleft size-medium wp-image-754\" src=\"http:\/\/www.tbskurzetnik.pl\/wp-content\/uploads\/2019\/12\/1-300x225.jpg\" alt=\"\" width=\"300\" height=\"225\" \/><\/a>\u00a0<a href=\"http:\/\/www.tbskurzetnik.pl\/wp-content\/uploads\/2020\/06\/IMG_20200619_150004.jpg\"><img loading=\"lazy\" decoding=\"async\" class=\"alignleft wp-image-971 size-medium\" src=\"http:\/\/www.tbskurzetnik.pl\/wp-content\/uploads\/2020\/06\/IMG_20200619_150004-300x225.jpg\" alt=\"\" width=\"300\" height=\"225\" srcset=\"https:\/\/www.tbskurzetnik.pl\/wp-content\/uploads\/2020\/06\/IMG_20200619_150004-300x225.jpg 300w, https:\/\/www.tbskurzetnik.pl\/wp-content\/uploads\/2020\/06\/IMG_20200619_150004-768x576.jpg 768w, https:\/\/www.tbskurzetnik.pl\/wp-content\/uploads\/2020\/06\/IMG_20200619_150004-1024x768.jpg 1024w, https:\/\/www.tbskurzetnik.pl\/wp-content\/uploads\/2020\/06\/IMG_20200619_150004-330x248.jpg 330w, https:\/\/www.tbskurzetnik.pl\/wp-content\/uploads\/2020\/06\/IMG_20200619_150004-690x518.jpg 690w, https:\/\/www.tbskurzetnik.pl\/wp-content\/uploads\/2020\/06\/IMG_20200619_150004-1050x788.jpg 1050w, https:\/\/www.tbskurzetnik.pl\/wp-content\/uploads\/2020\/06\/IMG_20200619_150004-773x580.jpg 773w\" sizes=\"(max-width: 300px) 100vw, 300px\" \/><\/a><\/strong><strong>Budynek nr\u00a0 1 oraz 2<br \/><\/strong><\/p>\n<p>W ramach realizacji I etapu Osiedla D\u0119bno powsta\u0142y dwa bli\u017aniacze budynki mieszkalne z 29 oraz 24\u00a0 lokalami w standardzie wyko\u0144czenia \u201epod klucz\u201d. Zaprojektowane budynki wielorodzinne sk\u0142adaj\u0105 si\u0119 z dw\u00f3ch czterokondygnacyjnych segment\u00f3w\u00a0 z wyodr\u0119bnion\u0105 na parterze powierzchni\u0105 wsp\u00f3ln\u0105 dla w\u00f3zk\u00f3w i rower\u00f3w. Ka\u017cde mieszkanie posiada balkon o pow. 4,2 m<sup>2<\/sup>. Ka\u017cdy z segment\u00f3w posiada w\u0142asn\u0105 klatk\u0119 schodowa oraz niezale\u017cne wej\u015bcie.<\/p>\n<p><strong>Budynki nr 1 oraz nr 2 zosta\u0142y oddane do u\u017cytkowania w 2019 roku.<br \/><\/strong><\/p>\n<p><a href=\"http:\/\/www.tbskurzetnik.pl\/index.php\/wykonczenie-lokali-budynek-nr-1\/\"><strong>Wyko\u0144czenie lokali &#8211; galeria zdj\u0119\u0107<\/strong><\/a><\/p>\n<p><strong>II Etap inwestycji<\/strong><\/p>\n<p><strong><a href=\"http:\/\/www.tbskurzetnik.pl\/wp-content\/uploads\/2020\/06\/bud3.jpg\"><img loading=\"lazy\" decoding=\"async\" class=\"alignleft wp-image-862 size-medium\" src=\"http:\/\/www.tbskurzetnik.pl\/wp-content\/uploads\/2020\/06\/bud3-300x225.jpg\" alt=\"\" width=\"300\" height=\"225\" srcset=\"https:\/\/www.tbskurzetnik.pl\/wp-content\/uploads\/2020\/06\/bud3-300x225.jpg 300w, https:\/\/www.tbskurzetnik.pl\/wp-content\/uploads\/2020\/06\/bud3-768x576.jpg 768w, https:\/\/www.tbskurzetnik.pl\/wp-content\/uploads\/2020\/06\/bud3-1024x768.jpg 1024w, https:\/\/www.tbskurzetnik.pl\/wp-content\/uploads\/2020\/06\/bud3-330x248.jpg 330w, https:\/\/www.tbskurzetnik.pl\/wp-content\/uploads\/2020\/06\/bud3-690x518.jpg 690w, https:\/\/www.tbskurzetnik.pl\/wp-content\/uploads\/2020\/06\/bud3-1050x788.jpg 1050w, https:\/\/www.tbskurzetnik.pl\/wp-content\/uploads\/2020\/06\/bud3-773x580.jpg 773w, https:\/\/www.tbskurzetnik.pl\/wp-content\/uploads\/2020\/06\/bud3.jpg 1217w\" sizes=\"(max-width: 300px) 100vw, 300px\" \/><\/a>Budynek nr 3\u00a0\u00a0<\/strong><\/p>\n<p>W ramach realizacji II etapu Osiedla D\u0119bno powsta\u0142 trzeci budynek mieszkalny z 26 lokalami w standardzie wyko\u0144czenia \u201epod klucz\u201d. Zaprojektowany budynek wielorodzinny sk\u0142ada si\u0119 z dw\u00f3ch czterokondygnacyjnych segment\u00f3w\u00a0 z wyodr\u0119bnion\u0105 na parterze powierzchni\u0105 wsp\u00f3ln\u0105 dla w\u00f3zk\u00f3w i rower\u00f3w. Ka\u017cde mieszkanie posiada balkon o pow. 4,2 m<sup>2<\/sup>. Ka\u017cdy z segment\u00f3w posiada w\u0142asn\u0105 klatk\u0119 schodowa oraz niezale\u017cne wej\u015bcie.<\/p>\n<p>\u00a0<\/p>\n<p style=\"text-align: left;\"><strong><a href=\"https:\/\/www.tbskurzetnik.pl\/wp-content\/uploads\/2021\/04\/IMG_20210412_083428.jpg\"><img loading=\"lazy\" decoding=\"async\" class=\"wp-image-1146 size-medium alignleft\" src=\"https:\/\/www.tbskurzetnik.pl\/wp-content\/uploads\/2021\/04\/IMG_20210412_083428-300x225.jpg\" alt=\"\" width=\"300\" height=\"225\" srcset=\"https:\/\/www.tbskurzetnik.pl\/wp-content\/uploads\/2021\/04\/IMG_20210412_083428-300x225.jpg 300w, https:\/\/www.tbskurzetnik.pl\/wp-content\/uploads\/2021\/04\/IMG_20210412_083428-768x576.jpg 768w, https:\/\/www.tbskurzetnik.pl\/wp-content\/uploads\/2021\/04\/IMG_20210412_083428-1024x768.jpg 1024w, https:\/\/www.tbskurzetnik.pl\/wp-content\/uploads\/2021\/04\/IMG_20210412_083428-330x248.jpg 330w, https:\/\/www.tbskurzetnik.pl\/wp-content\/uploads\/2021\/04\/IMG_20210412_083428-690x518.jpg 690w, https:\/\/www.tbskurzetnik.pl\/wp-content\/uploads\/2021\/04\/IMG_20210412_083428-1050x788.jpg 1050w, https:\/\/www.tbskurzetnik.pl\/wp-content\/uploads\/2021\/04\/IMG_20210412_083428-773x580.jpg 773w\" sizes=\"(max-width: 300px) 100vw, 300px\" \/><\/a>Budynek nr 4\u00a0<br \/><\/strong><\/p>\n<p style=\"text-align: left;\">W ramach realizacji II etapu Osiedla D\u0119bno powsta\u0142 czwarty budynek mieszkalny z 26 lokalami w standardzie wyko\u0144czenia \u201epod klucz\u201d. Zaprojektowany budynek wielorodzinny sk\u0142ada si\u0119 z dw\u00f3ch czterokondygnacyjnych segment\u00f3w\u00a0 z wyodr\u0119bnion\u0105 na parterze powierzchni\u0105 wsp\u00f3ln\u0105 dla w\u00f3zk\u00f3w i rower\u00f3w. Ka\u017cde mieszkanie posiada balkon. Ka\u017cdy z segment\u00f3w posiada w\u0142asn\u0105 klatk\u0119 schodowa oraz niezale\u017cne wej\u015bcie.<\/p>\n<p>\u00a0<\/p>\n<p><img loading=\"lazy\" decoding=\"async\" class=\"wp-image-1358  alignleft\" src=\"https:\/\/www.tbskurzetnik.pl\/wp-content\/uploads\/2024\/04\/DJI_0304-1-300x225.jpg\" alt=\"\" width=\"307\" height=\"230\" srcset=\"https:\/\/www.tbskurzetnik.pl\/wp-content\/uploads\/2024\/04\/DJI_0304-1-300x225.jpg 300w, https:\/\/www.tbskurzetnik.pl\/wp-content\/uploads\/2024\/04\/DJI_0304-1-1024x768.jpg 1024w, https:\/\/www.tbskurzetnik.pl\/wp-content\/uploads\/2024\/04\/DJI_0304-1-768x576.jpg 768w, https:\/\/www.tbskurzetnik.pl\/wp-content\/uploads\/2024\/04\/DJI_0304-1-1536x1152.jpg 1536w, https:\/\/www.tbskurzetnik.pl\/wp-content\/uploads\/2024\/04\/DJI_0304-1-2048x1536.jpg 2048w, https:\/\/www.tbskurzetnik.pl\/wp-content\/uploads\/2024\/04\/DJI_0304-1-330x248.jpg 330w, https:\/\/www.tbskurzetnik.pl\/wp-content\/uploads\/2024\/04\/DJI_0304-1-690x518.jpg 690w, https:\/\/www.tbskurzetnik.pl\/wp-content\/uploads\/2024\/04\/DJI_0304-1-1050x788.jpg 1050w, https:\/\/www.tbskurzetnik.pl\/wp-content\/uploads\/2024\/04\/DJI_0304-1-773x580.jpg 773w\" sizes=\"(max-width: 307px) 100vw, 307px\" \/><\/p>\n<p style=\"text-align: left;\"><strong>\u00a0Budynek nr 5<\/strong><\/p>\n<p style=\"text-align: left;\">\u00a0 W ramach realizacji II etapu Osiedla D\u0119bno powsta\u0142 pi\u0105ty budynek mieszkalny z 26 lokalami. Obiekt jest pi\u0119ciokondygnacyjny, dwusegmentowy \u2013 z dwiema klatkami schodowymi, podpiwniczony o konstrukcji tradycyjnej udoskonalonej. Od strony p\u00f3\u0142nocnej do budynku dobudowana jest parterowa cz\u0119\u015b\u0107 z pomieszczeniami technicznymi.<\/p>\n\n\n<p><\/p>\n","protected":false},"excerpt":{"rendered":"<p>TBS Sp. z o.o. w Kurz\u0119tniku zosta\u0142a powo\u0142ana w celu zaspokojenia potrzeb mieszkaniowych Gminy Kurz\u0119tnik. Jedynym w\u0142a\u015bcicielem Sp\u00f3\u0142ki jest Gmina Kurz\u0119tnik, kt\u00f3ra zapewnia bezpiecze\u0144stwo&#8230;<\/p>\n","protected":false},"author":6,"featured_media":0,"parent":0,"menu_order":0,"comment_status":"closed","ping_status":"closed","template":"","meta":{"footnotes":""},"_links":{"self":[{"href":"https:\/\/www.tbskurzetnik.pl\/index.php\/wp-json\/wp\/v2\/pages\/13"}],"collection":[{"href":"https:\/\/www.tbskurzetnik.pl\/index.php\/wp-json\/wp\/v2\/pages"}],"about":[{"href":"https:\/\/www.tbskurzetnik.pl\/index.php\/wp-json\/wp\/v2\/types\/page"}],"author":[{"embeddable":true,"href":"https:\/\/www.tbskurzetnik.pl\/index.php\/wp-json\/wp\/v2\/users\/6"}],"replies":[{"embeddable":true,"href":"https:\/\/www.tbskurzetnik.pl\/index.php\/wp-json\/wp\/v2\/comments?post=13"}],"version-history":[{"count":105,"href":"https:\/\/www.tbskurzetnik.pl\/index.php\/wp-json\/wp\/v2\/pages\/13\/revisions"}],"predecessor-version":[{"id":1366,"href":"https:\/\/www.tbskurzetnik.pl\/index.php\/wp-json\/wp\/v2\/pages\/13\/revisions\/1366"}],"wp:attachment":[{"href":"https:\/\/www.tbskurzetnik.pl\/index.php\/wp-json\/wp\/v2\/media?parent=13"}],"curies":[{"name":"wp","href":"https:\/\/api.w.org\/{rel}","templated":true}]}}